{"id":1416,"date":"2020-07-17T09:44:54","date_gmt":"2020-07-17T08:44:54","guid":{"rendered":"http:\/\/ute-rieder.de\/?page_id=1416"},"modified":"2025-03-03T16:58:26","modified_gmt":"2025-03-03T15:58:26","slug":"initialen","status":"publish","type":"page","link":"https:\/\/ute-rieder.de\/?page_id=1416","title":{"rendered":"buchst\u00e4blich"},"content":{"rendered":"\n<p><strong>Bilder mit Initialen fertige ich nur auf Wunsch. Mit einem, zwei oder auch mehr Buchstaben (sowohl in Gro\u00df und\/oder klein), <\/strong> <strong>die Bildgr\u00f6\u00dfe und das Material sind frei w\u00e4hlbar.<\/strong><\/p>\n\n\n\nngg_shortcode_0_placeholder\n<h3>Related Images:<\/h3><p>Views: 42<\/p>","protected":false},"excerpt":{"rendered":"<p>Bilder mit Initialen fertige ich nur auf Wunsch. Mit einem, zwei oder auch mehr Buchstaben (sowohl in Gro\u00df und\/oder klein), die Bildgr\u00f6\u00dfe und das Material sind frei w\u00e4hlbar. Related Images: Views: 42<\/p>\n","protected":false},"author":1,"featured_media":0,"parent":662,"menu_order":1,"comment_status":"closed","ping_status":"closed","template":"","meta":{"ngg_post_thumbnail":0,"footnotes":""},"class_list":["post-1416","page","type-page","status-publish","hentry"],"_links":{"self":[{"href":"https:\/\/ute-rieder.de\/index.php?rest_route=\/wp\/v2\/pages\/1416","targetHints":{"allow":["GET"]}}],"collection":[{"href":"https:\/\/ute-rieder.de\/index.php?rest_route=\/wp\/v2\/pages"}],"about":[{"href":"https:\/\/ute-rieder.de\/index.php?rest_route=\/wp\/v2\/types\/page"}],"author":[{"embeddable":true,"href":"https:\/\/ute-rieder.de\/index.php?rest_route=\/wp\/v2\/users\/1"}],"replies":[{"embeddable":true,"href":"https:\/\/ute-rieder.de\/index.php?rest_route=%2Fwp%2Fv2%2Fcomments&post=1416"}],"version-history":[{"count":9,"href":"https:\/\/ute-rieder.de\/index.php?rest_route=\/wp\/v2\/pages\/1416\/revisions"}],"predecessor-version":[{"id":1848,"href":"https:\/\/ute-rieder.de\/index.php?rest_route=\/wp\/v2\/pages\/1416\/revisions\/1848"}],"up":[{"embeddable":true,"href":"https:\/\/ute-rieder.de\/index.php?rest_route=\/wp\/v2\/pages\/662"}],"wp:attachment":[{"href":"https:\/\/ute-rieder.de\/index.php?rest_route=%2Fwp%2Fv2%2Fmedia&parent=1416"}],"curies":[{"name":"wp","href":"https:\/\/api.w.org\/{rel}","templated":true}]}}