{"id":177,"date":"2017-09-29T17:33:24","date_gmt":"2017-09-29T17:33:24","guid":{"rendered":"http:\/\/ute-rieder.de\/?page_id=177"},"modified":"2020-08-04T10:02:39","modified_gmt":"2020-08-04T09:02:39","slug":"galerie-ii","status":"publish","type":"page","link":"https:\/\/ute-rieder.de\/?page_id=177","title":{"rendered":"Galerie 2"},"content":{"rendered":"<p>Die Bilder sind mit hochwertigen Acrylfarben auf Leinwand erstellt. Auf den Galerieseiten 1 und 2 sind die Titel der Bilder mit aufgef\u00fchrt, auf der Galerieseite 3 wurde auf diese Angabe bewusst verzichtet um Ihnen die M\u00f6glichkeit zu geben, die Werke vollkommen unvoreingenommen zu genie\u00dfen.&nbsp;<\/p>\nngg_shortcode_0_placeholder\n<h3>Related Images:<\/h3><p>Views: 162<\/p>","protected":false},"excerpt":{"rendered":"<p>Die Bilder sind mit hochwertigen Acrylfarben auf Leinwand erstellt. Auf den Galerieseiten 1 und 2 sind die Titel der Bilder mit aufgef\u00fchrt, auf der Galerieseite 3 wurde auf diese Angabe bewusst verzichtet um Ihnen die M\u00f6glichkeit zu geben, die Werke vollkommen unvoreingenommen zu genie\u00dfen.&nbsp; &#8220; template=&#8220;default&#8220; order_by=&#8220;sortorder&#8220; order_direction=&#8220;ASC&#8220; returns=&#8220;included&#8220; maximum_entity_count=&#8220;500&#8243;]&nbsp; Related Images:Views: 162<\/p>\n","protected":false},"author":1,"featured_media":0,"parent":0,"menu_order":5,"comment_status":"closed","ping_status":"closed","template":"","meta":{"ngg_post_thumbnail":0,"footnotes":""},"class_list":["post-177","page","type-page","status-publish","hentry"],"_links":{"self":[{"href":"https:\/\/ute-rieder.de\/index.php?rest_route=\/wp\/v2\/pages\/177","targetHints":{"allow":["GET"]}}],"collection":[{"href":"https:\/\/ute-rieder.de\/index.php?rest_route=\/wp\/v2\/pages"}],"about":[{"href":"https:\/\/ute-rieder.de\/index.php?rest_route=\/wp\/v2\/types\/page"}],"author":[{"embeddable":true,"href":"https:\/\/ute-rieder.de\/index.php?rest_route=\/wp\/v2\/users\/1"}],"replies":[{"embeddable":true,"href":"https:\/\/ute-rieder.de\/index.php?rest_route=%2Fwp%2Fv2%2Fcomments&post=177"}],"version-history":[{"count":8,"href":"https:\/\/ute-rieder.de\/index.php?rest_route=\/wp\/v2\/pages\/177\/revisions"}],"predecessor-version":[{"id":1540,"href":"https:\/\/ute-rieder.de\/index.php?rest_route=\/wp\/v2\/pages\/177\/revisions\/1540"}],"wp:attachment":[{"href":"https:\/\/ute-rieder.de\/index.php?rest_route=%2Fwp%2Fv2%2Fmedia&parent=177"}],"curies":[{"name":"wp","href":"https:\/\/api.w.org\/{rel}","templated":true}]}}