{"id":294,"date":"2018-02-21T18:28:18","date_gmt":"2018-02-21T18:28:18","guid":{"rendered":"http:\/\/ute-rieder.de\/?page_id=294"},"modified":"2020-08-04T10:25:07","modified_gmt":"2020-08-04T09:25:07","slug":"galerie-iii","status":"publish","type":"page","link":"https:\/\/ute-rieder.de\/?page_id=294","title":{"rendered":"Galerie 3"},"content":{"rendered":"<p>Die Bilder sind mit hochwertigen Acrylfarben auf Leinwand erstellt. In dieser Galerie 3 wurde auf die Angabe der Werktitel verzichtet. Sie haben somit die M\u00f6glichkeit die Werke v\u00f6llig unvoreingenommen zu betrachten.&nbsp;<\/p>\n<p>In der noch im Aufbau befindlichen Galerie Schwarz-Wei\u00df finden sich auch einige Tusche- und Bleistiftzeichnungen.<\/p>\nngg_shortcode_0_placeholder\n<h3>Related Images:<\/h3><p>Views: 162<\/p>","protected":false},"excerpt":{"rendered":"<p>Die Bilder sind mit hochwertigen Acrylfarben auf Leinwand erstellt. In dieser Galerie 3 wurde auf die Angabe der Werktitel verzichtet. Sie haben somit die M\u00f6glichkeit die Werke v\u00f6llig unvoreingenommen zu betrachten.&nbsp; In der noch im Aufbau befindlichen Galerie Schwarz-Wei\u00df finden sich auch einige Tusche- und Bleistiftzeichnungen. &#8220; template=&#8220;default&#8220; order_by=&#8220;sortorder&#8220; order_direction=&#8220;ASC&#8220; returns=&#8220;included&#8220; maximum_entity_count=&#8220;500&#8243;]&nbsp; Related Images:Views: 162<\/p>\n","protected":false},"author":1,"featured_media":0,"parent":0,"menu_order":6,"comment_status":"closed","ping_status":"closed","template":"","meta":{"ngg_post_thumbnail":0,"footnotes":""},"class_list":["post-294","page","type-page","status-publish","hentry"],"_links":{"self":[{"href":"https:\/\/ute-rieder.de\/index.php?rest_route=\/wp\/v2\/pages\/294","targetHints":{"allow":["GET"]}}],"collection":[{"href":"https:\/\/ute-rieder.de\/index.php?rest_route=\/wp\/v2\/pages"}],"about":[{"href":"https:\/\/ute-rieder.de\/index.php?rest_route=\/wp\/v2\/types\/page"}],"author":[{"embeddable":true,"href":"https:\/\/ute-rieder.de\/index.php?rest_route=\/wp\/v2\/users\/1"}],"replies":[{"embeddable":true,"href":"https:\/\/ute-rieder.de\/index.php?rest_route=%2Fwp%2Fv2%2Fcomments&post=294"}],"version-history":[{"count":19,"href":"https:\/\/ute-rieder.de\/index.php?rest_route=\/wp\/v2\/pages\/294\/revisions"}],"predecessor-version":[{"id":1543,"href":"https:\/\/ute-rieder.de\/index.php?rest_route=\/wp\/v2\/pages\/294\/revisions\/1543"}],"wp:attachment":[{"href":"https:\/\/ute-rieder.de\/index.php?rest_route=%2Fwp%2Fv2%2Fmedia&parent=294"}],"curies":[{"name":"wp","href":"https:\/\/api.w.org\/{rel}","templated":true}]}}