{"id":4,"date":"2017-09-21T16:36:26","date_gmt":"2017-09-21T16:36:26","guid":{"rendered":"http:\/\/ute-rieder.de\/?page_id=4"},"modified":"2022-10-23T11:45:50","modified_gmt":"2022-10-23T10:45:50","slug":"home","status":"publish","type":"page","link":"https:\/\/ute-rieder.de\/","title":{"rendered":"Willkommen"},"content":{"rendered":"<p>&nbsp;<\/p>\n<h1 style=\"text-align: center;\">&nbsp; &nbsp; Herzlich Willkommen bei Ute Rieder<\/h1>\n<h1 style=\"text-align: center;\"><span style=\"color: #003366;\">Kunst &amp; Design<\/span><\/h1>\n<p><b>Als freischaffende K\u00fcnstlerin hat Ute Rieder ihre eigene Formensprache entwickelt. Seit ihrer Kindheit bewunderte sie die Natur mit all ihren Farben und Formen. Die Bewegungen von Wasser, Feuer und auch der Wolken lie\u00dfen&nbsp;<\/b><span style=\"color: #2e3d4c; font-family: arial, arial unicode ms, helvetica, sans-serif;\"><b>sie<\/b><\/span><b>&nbsp;&nbsp;nie mehr los. In ihren&nbsp; Gem\u00e4lden stellt sie&nbsp; dies als abstrakte Erinnerungen&nbsp; dar, die tief aus der Seele kommen.&nbsp; Die Leidenschaft ist die treibende Kraft ihrer Kunst. Es ist ein stetiger, spannungsvoller Dialog mit den Farben und dem Licht.&nbsp;<\/b><\/p>\n<p><b>Es gibt keine dimensionalen Regeln in den Bildern, alles ist st\u00e4ndig in Bewegung. Der Betrachter hat somit die M\u00f6glichkeit seine eigene Welt, seine eigenen Tr\u00e4ume in den Bildern zu finden. Immer wieder k\u00f6nnen neue Figuren entdeckt werden. Lassen Sie sich einfach inspirieren.&nbsp;<\/b><\/p>\n<p>&nbsp;<\/p>\n<p>&nbsp;<\/p>\n<p>&nbsp;<\/p>\n\n\n<figure class=\"wp-block-image\"><img loading=\"lazy\" decoding=\"async\" width=\"720\" height=\"960\" src=\"http:\/\/ute-rieder.de\/wp-content\/uploads\/2019\/10\/Im-KunstgARTen-Bad-Krozingen.jpg\" alt=\"Im KunstgARTen Bad Krozingen\" class=\"wp-image-1221\" srcset=\"https:\/\/ute-rieder.de\/wp-content\/uploads\/2019\/10\/Im-KunstgARTen-Bad-Krozingen.jpg 720w, https:\/\/ute-rieder.de\/wp-content\/uploads\/2019\/10\/Im-KunstgARTen-Bad-Krozingen-225x300.jpg 225w\" sizes=\"auto, (max-width: 720px) 100vw, 720px\" \/><figcaption>Im KunstgARTen Bad Krozingen<\/figcaption><\/figure>\n<h3>Related Images:<\/h3><p>Views: 1163<\/p>","protected":false},"excerpt":{"rendered":"<p>&nbsp; &nbsp; &nbsp; Herzlich Willkommen bei Ute Rieder Kunst &amp; Design Als freischaffende K\u00fcnstlerin hat Ute Rieder ihre eigene Formensprache entwickelt. Seit ihrer Kindheit bewunderte sie die Natur mit all ihren Farben und Formen. Die Bewegungen von Wasser, Feuer und auch der Wolken lie\u00dfen&nbsp;sie&nbsp;&nbsp;nie mehr los. In ihren&nbsp; Gem\u00e4lden stellt sie&nbsp; dies als abstrakte Erinnerungen&nbsp; [&hellip;]<\/p>\n","protected":false},"author":1,"featured_media":712,"parent":0,"menu_order":1,"comment_status":"closed","ping_status":"closed","template":"","meta":{"ngg_post_thumbnail":0,"footnotes":""},"class_list":["post-4","page","type-page","status-publish","has-post-thumbnail","hentry"],"_links":{"self":[{"href":"https:\/\/ute-rieder.de\/index.php?rest_route=\/wp\/v2\/pages\/4","targetHints":{"allow":["GET"]}}],"collection":[{"href":"https:\/\/ute-rieder.de\/index.php?rest_route=\/wp\/v2\/pages"}],"about":[{"href":"https:\/\/ute-rieder.de\/index.php?rest_route=\/wp\/v2\/types\/page"}],"author":[{"embeddable":true,"href":"https:\/\/ute-rieder.de\/index.php?rest_route=\/wp\/v2\/users\/1"}],"replies":[{"embeddable":true,"href":"https:\/\/ute-rieder.de\/index.php?rest_route=%2Fwp%2Fv2%2Fcomments&post=4"}],"version-history":[{"count":47,"href":"https:\/\/ute-rieder.de\/index.php?rest_route=\/wp\/v2\/pages\/4\/revisions"}],"predecessor-version":[{"id":1780,"href":"https:\/\/ute-rieder.de\/index.php?rest_route=\/wp\/v2\/pages\/4\/revisions\/1780"}],"wp:featuredmedia":[{"embeddable":true,"href":"https:\/\/ute-rieder.de\/index.php?rest_route=\/wp\/v2\/media\/712"}],"wp:attachment":[{"href":"https:\/\/ute-rieder.de\/index.php?rest_route=%2Fwp%2Fv2%2Fmedia&parent=4"}],"curies":[{"name":"wp","href":"https:\/\/api.w.org\/{rel}","templated":true}]}}