{"id":940,"date":"2019-12-09T14:46:39","date_gmt":"2019-12-09T13:46:39","guid":{"rendered":"http:\/\/ute-rieder.de\/?page_id=940"},"modified":"2025-03-03T16:54:50","modified_gmt":"2025-03-03T15:54:50","slug":"aktuelles-angebot-bis-06-januar-2020","status":"publish","type":"page","link":"https:\/\/ute-rieder.de\/?page_id=940","title":{"rendered":"schwarz auf wei\u00df"},"content":{"rendered":"<p>Liebe Kunstfreunde,<\/p>\n<p>in dieser Galerieseite pr\u00e4sentiere ich Ihnen eine Auswahl meiner schwarz-wei\u00dfen Werke.<\/p>\n<p>Die Bilder sind mit Acrylstiften, Tusche und mit Bleistiften auf Leinwand, unterschiedlichem Papier und auch Kunststoff ausgef\u00fchrt. Hier finden sich auch fr\u00fche Werke, sozusagen mit meine ersten Gehversuche aus meiner k\u00fcnstlerischen Anfangszeit.<\/p>\n<p>&nbsp;<\/p>\n\n\nngg_shortcode_0_placeholder\n\n\n<h3>Related Images:<\/h3><p>Views: 88<\/p>","protected":false},"excerpt":{"rendered":"<p>Liebe Kunstfreunde, in dieser Galerieseite pr\u00e4sentiere ich Ihnen eine Auswahl meiner schwarz-wei\u00dfen Werke. Die Bilder sind mit Acrylstiften, Tusche und mit Bleistiften auf Leinwand, unterschiedlichem Papier und auch Kunststoff ausgef\u00fchrt. Hier finden sich auch fr\u00fche Werke, sozusagen mit meine ersten Gehversuche aus meiner k\u00fcnstlerischen Anfangszeit. &nbsp; Related Images: Views: 88<\/p>\n","protected":false},"author":1,"featured_media":0,"parent":0,"menu_order":9,"comment_status":"closed","ping_status":"closed","template":"","meta":{"ngg_post_thumbnail":0,"footnotes":""},"class_list":["post-940","page","type-page","status-publish","hentry"],"_links":{"self":[{"href":"https:\/\/ute-rieder.de\/index.php?rest_route=\/wp\/v2\/pages\/940","targetHints":{"allow":["GET"]}}],"collection":[{"href":"https:\/\/ute-rieder.de\/index.php?rest_route=\/wp\/v2\/pages"}],"about":[{"href":"https:\/\/ute-rieder.de\/index.php?rest_route=\/wp\/v2\/types\/page"}],"author":[{"embeddable":true,"href":"https:\/\/ute-rieder.de\/index.php?rest_route=\/wp\/v2\/users\/1"}],"replies":[{"embeddable":true,"href":"https:\/\/ute-rieder.de\/index.php?rest_route=%2Fwp%2Fv2%2Fcomments&post=940"}],"version-history":[{"count":15,"href":"https:\/\/ute-rieder.de\/index.php?rest_route=\/wp\/v2\/pages\/940\/revisions"}],"predecessor-version":[{"id":1844,"href":"https:\/\/ute-rieder.de\/index.php?rest_route=\/wp\/v2\/pages\/940\/revisions\/1844"}],"wp:attachment":[{"href":"https:\/\/ute-rieder.de\/index.php?rest_route=%2Fwp%2Fv2%2Fmedia&parent=940"}],"curies":[{"name":"wp","href":"https:\/\/api.w.org\/{rel}","templated":true}]}}